{"id":1222,"date":"2018-01-31T21:25:36","date_gmt":"2018-01-31T20:25:36","guid":{"rendered":"http:\/\/thebestbijoux.fr\/?post_type=product&#038;p=1222"},"modified":"2022-10-19T12:27:54","modified_gmt":"2022-10-19T10:27:54","slug":"boucles-doreilles-creoles-12","status":"publish","type":"product","link":"http:\/\/thebestbijoux.fr\/index.php\/produit\/boucles-doreilles-creoles-12\/","title":{"rendered":"Boucles d&rsquo;oreilles Cr\u00e9oles plaqu\u00e9 or 35mm"},"content":{"rendered":"<p>Boucles d&rsquo;oreilles Cr\u00e9oles 35mm<\/p>\n","protected":false},"excerpt":{"rendered":"<p>Boucles d&rsquo;oreilles Cr\u00e9oles 35mm<\/p>\n","protected":false},"featured_media":21556,"comment_status":"open","ping_status":"closed","template":"","meta":[],"_links":{"self":[{"href":"http:\/\/thebestbijoux.fr\/index.php\/wp-json\/wp\/v2\/product\/1222"}],"collection":[{"href":"http:\/\/thebestbijoux.fr\/index.php\/wp-json\/wp\/v2\/product"}],"about":[{"href":"http:\/\/thebestbijoux.fr\/index.php\/wp-json\/wp\/v2\/types\/product"}],"replies":[{"embeddable":true,"href":"http:\/\/thebestbijoux.fr\/index.php\/wp-json\/wp\/v2\/comments?post=1222"}],"wp:featuredmedia":[{"embeddable":true,"href":"http:\/\/thebestbijoux.fr\/index.php\/wp-json\/wp\/v2\/media\/21556"}],"wp:attachment":[{"href":"http:\/\/thebestbijoux.fr\/index.php\/wp-json\/wp\/v2\/media?parent=1222"}],"curies":[{"name":"wp","href":"https:\/\/api.w.org\/{rel}","templated":true}]}}