{"id":12173,"date":"2018-08-31T17:22:54","date_gmt":"2018-08-31T15:22:54","guid":{"rendered":"http:\/\/thebestbijoux.fr\/?post_type=product&#038;p=12173"},"modified":"2019-12-25T17:02:38","modified_gmt":"2019-12-25T16:02:38","slug":"collier-fil-de-peche-coeur-en-plaque-or-avec-oxyde-de-zirconium","status":"publish","type":"product","link":"http:\/\/thebestbijoux.fr\/index.php\/produit\/collier-fil-de-peche-coeur-en-plaque-or-avec-oxyde-de-zirconium\/","title":{"rendered":"Collier fil de p\u00eache C\u0153ur en plaqu\u00e9 or avec oxyde de zirconium"},"content":{"rendered":"<p><img loading=\"lazy\" class=\"alignnone size-thumbnail wp-image-12174\" src=\"http:\/\/thebestbijoux.fr\/wp-content\/uploads\/2018\/08\/IMG_8800-150x150.jpg\" alt=\"\" width=\"150\" height=\"150\" srcset=\"http:\/\/thebestbijoux.fr\/wp-content\/uploads\/2018\/08\/IMG_8800-150x150.jpg 150w, http:\/\/thebestbijoux.fr\/wp-content\/uploads\/2018\/08\/IMG_8800-75x75.jpg 75w, http:\/\/thebestbijoux.fr\/wp-content\/uploads\/2018\/08\/IMG_8800-444x444.jpg 444w, http:\/\/thebestbijoux.fr\/wp-content\/uploads\/2018\/08\/IMG_8800-300x300.jpg 300w, http:\/\/thebestbijoux.fr\/wp-content\/uploads\/2018\/08\/IMG_8800-100x100.jpg 100w\" sizes=\"(max-width: 150px) 100vw, 150px\" \/> <img loading=\"lazy\" class=\"alignnone size-thumbnail wp-image-12175\" src=\"http:\/\/thebestbijoux.fr\/wp-content\/uploads\/2018\/08\/IMG_8801-150x150.jpg\" alt=\"\" width=\"150\" height=\"150\" srcset=\"http:\/\/thebestbijoux.fr\/wp-content\/uploads\/2018\/08\/IMG_8801-150x150.jpg 150w, http:\/\/thebestbijoux.fr\/wp-content\/uploads\/2018\/08\/IMG_8801-75x75.jpg 75w, http:\/\/thebestbijoux.fr\/wp-content\/uploads\/2018\/08\/IMG_8801-444x444.jpg 444w, http:\/\/thebestbijoux.fr\/wp-content\/uploads\/2018\/08\/IMG_8801-300x300.jpg 300w, http:\/\/thebestbijoux.fr\/wp-content\/uploads\/2018\/08\/IMG_8801-100x100.jpg 100w\" sizes=\"(max-width: 150px) 100vw, 150px\" \/><\/p>\n","protected":false},"excerpt":{"rendered":"<p><!--more--><\/p>\n","protected":false},"featured_media":12174,"comment_status":"open","ping_status":"closed","template":"","meta":[],"_links":{"self":[{"href":"http:\/\/thebestbijoux.fr\/index.php\/wp-json\/wp\/v2\/product\/12173"}],"collection":[{"href":"http:\/\/thebestbijoux.fr\/index.php\/wp-json\/wp\/v2\/product"}],"about":[{"href":"http:\/\/thebestbijoux.fr\/index.php\/wp-json\/wp\/v2\/types\/product"}],"replies":[{"embeddable":true,"href":"http:\/\/thebestbijoux.fr\/index.php\/wp-json\/wp\/v2\/comments?post=12173"}],"wp:featuredmedia":[{"embeddable":true,"href":"http:\/\/thebestbijoux.fr\/index.php\/wp-json\/wp\/v2\/media\/12174"}],"wp:attachment":[{"href":"http:\/\/thebestbijoux.fr\/index.php\/wp-json\/wp\/v2\/media?parent=12173"}],"curies":[{"name":"wp","href":"https:\/\/api.w.org\/{rel}","templated":true}]}}