{"id":1210,"date":"2018-01-31T21:12:12","date_gmt":"2018-01-31T20:12:12","guid":{"rendered":"http:\/\/thebestbijoux.fr\/?post_type=product&#038;p=1210"},"modified":"2024-01-10T10:40:54","modified_gmt":"2024-01-10T09:40:54","slug":"boucles-doreilles-creoles-7","status":"publish","type":"product","link":"http:\/\/thebestbijoux.fr\/index.php\/produit\/boucles-doreilles-creoles-7\/","title":{"rendered":"Boucles d&rsquo;oreilles 38mm Cr\u00e9oles torsades en plaqu\u00e9 or"},"content":{"rendered":"<p>Boucles d&rsquo;oreilles Cr\u00e9oles 38mm<\/p>\n","protected":false},"excerpt":{"rendered":"<p>Boucles d&rsquo;oreilles Cr\u00e9oles 38mm<\/p>\n","protected":false},"featured_media":23011,"comment_status":"open","ping_status":"closed","template":"","meta":[],"_links":{"self":[{"href":"http:\/\/thebestbijoux.fr\/index.php\/wp-json\/wp\/v2\/product\/1210"}],"collection":[{"href":"http:\/\/thebestbijoux.fr\/index.php\/wp-json\/wp\/v2\/product"}],"about":[{"href":"http:\/\/thebestbijoux.fr\/index.php\/wp-json\/wp\/v2\/types\/product"}],"replies":[{"embeddable":true,"href":"http:\/\/thebestbijoux.fr\/index.php\/wp-json\/wp\/v2\/comments?post=1210"}],"wp:featuredmedia":[{"embeddable":true,"href":"http:\/\/thebestbijoux.fr\/index.php\/wp-json\/wp\/v2\/media\/23011"}],"wp:attachment":[{"href":"http:\/\/thebestbijoux.fr\/index.php\/wp-json\/wp\/v2\/media?parent=1210"}],"curies":[{"name":"wp","href":"https:\/\/api.w.org\/{rel}","templated":true}]}}