{"id":1206,"date":"2018-01-31T21:08:12","date_gmt":"2018-01-31T20:08:12","guid":{"rendered":"http:\/\/thebestbijoux.fr\/?post_type=product&#038;p=1206"},"modified":"2024-01-10T15:05:03","modified_gmt":"2024-01-10T14:05:03","slug":"boucles-doreilles-creoles-5","status":"publish","type":"product","link":"http:\/\/thebestbijoux.fr\/index.php\/produit\/boucles-doreilles-creoles-5\/","title":{"rendered":"Boucles d&rsquo;oreilles Cr\u00e9oles plaqu\u00e9 or 28mm"},"content":{"rendered":"<p>Boucles d&rsquo;oreilles Cr\u00e9oles<\/p>\n","protected":false},"excerpt":{"rendered":"<p>Boucles d&rsquo;oreilles Cr\u00e9oles<\/p>\n","protected":false},"featured_media":12838,"comment_status":"open","ping_status":"closed","template":"","meta":[],"_links":{"self":[{"href":"http:\/\/thebestbijoux.fr\/index.php\/wp-json\/wp\/v2\/product\/1206"}],"collection":[{"href":"http:\/\/thebestbijoux.fr\/index.php\/wp-json\/wp\/v2\/product"}],"about":[{"href":"http:\/\/thebestbijoux.fr\/index.php\/wp-json\/wp\/v2\/types\/product"}],"replies":[{"embeddable":true,"href":"http:\/\/thebestbijoux.fr\/index.php\/wp-json\/wp\/v2\/comments?post=1206"}],"wp:featuredmedia":[{"embeddable":true,"href":"http:\/\/thebestbijoux.fr\/index.php\/wp-json\/wp\/v2\/media\/12838"}],"wp:attachment":[{"href":"http:\/\/thebestbijoux.fr\/index.php\/wp-json\/wp\/v2\/media?parent=1206"}],"curies":[{"name":"wp","href":"https:\/\/api.w.org\/{rel}","templated":true}]}}