{"id":1189,"date":"2018-01-31T20:33:57","date_gmt":"2018-01-31T19:33:57","guid":{"rendered":"http:\/\/thebestbijoux.fr\/?post_type=product&#038;p=1189"},"modified":"2021-11-18T10:43:48","modified_gmt":"2021-11-18T09:43:48","slug":"boucles-doreilles-2","status":"publish","type":"product","link":"http:\/\/thebestbijoux.fr\/index.php\/produit\/boucles-doreilles-2\/","title":{"rendered":"Boucles d&rsquo;oreilles 80mm Cr\u00e9oles torsad\u00e9es en plaqu\u00e9 or"},"content":{"rendered":"<p>BOUCLES D&rsquo;OREILLES CREOLES<\/p>\n","protected":false},"excerpt":{"rendered":"<p>BOUCLES D&rsquo;OREILLES CREOLES<\/p>\n","protected":false},"featured_media":12867,"comment_status":"open","ping_status":"closed","template":"","meta":[],"_links":{"self":[{"href":"http:\/\/thebestbijoux.fr\/index.php\/wp-json\/wp\/v2\/product\/1189"}],"collection":[{"href":"http:\/\/thebestbijoux.fr\/index.php\/wp-json\/wp\/v2\/product"}],"about":[{"href":"http:\/\/thebestbijoux.fr\/index.php\/wp-json\/wp\/v2\/types\/product"}],"replies":[{"embeddable":true,"href":"http:\/\/thebestbijoux.fr\/index.php\/wp-json\/wp\/v2\/comments?post=1189"}],"wp:featuredmedia":[{"embeddable":true,"href":"http:\/\/thebestbijoux.fr\/index.php\/wp-json\/wp\/v2\/media\/12867"}],"wp:attachment":[{"href":"http:\/\/thebestbijoux.fr\/index.php\/wp-json\/wp\/v2\/media?parent=1189"}],"curies":[{"name":"wp","href":"https:\/\/api.w.org\/{rel}","templated":true}]}}