{"id":1178,"date":"2018-02-01T00:37:08","date_gmt":"2018-01-31T23:37:08","guid":{"rendered":"http:\/\/thebestbijoux.fr\/?post_type=product&#038;p=1178"},"modified":"2024-01-10T14:45:12","modified_gmt":"2024-01-10T13:45:12","slug":"boucles-doreille","status":"publish","type":"product","link":"http:\/\/thebestbijoux.fr\/index.php\/produit\/boucles-doreille\/","title":{"rendered":"Boucles d&rsquo;oreille Cr\u00e9oles 28mm en plaqu\u00e9 or"},"content":{"rendered":"<p>Boucles d&rsquo;oreilles Cr\u00e9oles<\/p>\n","protected":false},"excerpt":{"rendered":"<p>Boucles d&rsquo;oreilles Cr\u00e9oles<\/p>\n","protected":false},"featured_media":12994,"comment_status":"closed","ping_status":"closed","template":"","meta":[],"_links":{"self":[{"href":"http:\/\/thebestbijoux.fr\/index.php\/wp-json\/wp\/v2\/product\/1178"}],"collection":[{"href":"http:\/\/thebestbijoux.fr\/index.php\/wp-json\/wp\/v2\/product"}],"about":[{"href":"http:\/\/thebestbijoux.fr\/index.php\/wp-json\/wp\/v2\/types\/product"}],"replies":[{"embeddable":true,"href":"http:\/\/thebestbijoux.fr\/index.php\/wp-json\/wp\/v2\/comments?post=1178"}],"wp:featuredmedia":[{"embeddable":true,"href":"http:\/\/thebestbijoux.fr\/index.php\/wp-json\/wp\/v2\/media\/12994"}],"wp:attachment":[{"href":"http:\/\/thebestbijoux.fr\/index.php\/wp-json\/wp\/v2\/media?parent=1178"}],"curies":[{"name":"wp","href":"https:\/\/api.w.org\/{rel}","templated":true}]}}