{"id":11315,"date":"2018-07-19T17:22:10","date_gmt":"2018-07-19T15:22:10","guid":{"rendered":"http:\/\/thebestbijoux.fr\/?page_id=11315"},"modified":"2018-07-20T15:17:33","modified_gmt":"2018-07-20T13:17:33","slug":"donnees-personnelles","status":"publish","type":"page","link":"http:\/\/thebestbijoux.fr\/index.php\/donnees-personnelles\/","title":{"rendered":"DONNEES PERSONNELLES"},"content":{"rendered":"<div class=\"cRow\">\n<div class=\"cCell\">\n<div id=\"b_11\" class=\"cblock modules-thomwebsite-Title modules-thomwebsite\">\n<div class=\"title-with-bg-1\">\n<h2 class=\"heading-two productPage\">DONN\u00c9ES PERSONNELLES<\/h2>\n<\/div>\n<\/div>\n<\/div>\n<\/div>\n<div class=\"cRow\">\n<div class=\"cCell\">\n<div id=\"b_12\" class=\"cblock modules-website-staticrichtext modules-website\">\n<p>1) Traitement des donn\u00e9es personnelles<\/p>\n<p class=\"normal\">La communication d\u2019informations nominatives (civilit\u00e9, donn\u00e9es d\u2019identification, coordonn\u00e9es t\u00e9l\u00e9phoniques, mail et postales mais \u00e9galement d\u2019autres informations comme l\u2019adresse IP, les habitudes d\u2019achats, les pr\u00e9f\u00e9rences, comme loisirs et centres d\u2019int\u00e9r\u00eat) dans le cadre d\u2019un achat chez thebestbijoux.fr\u00a0 est obligatoire, ces informations \u00e9tant n\u00e9cessaires \u00e0 la gestion des relations commerciales.<\/p>\n<p class=\"normal\">Le responsable de traitement est la soci\u00e9t\u00e9 qui d\u00e9finit pour quel usage et comment les donn\u00e9es personnelles sont utilis\u00e9es, soit pour le site thebestbijoux.fr\u00a0 :<\/p>\n<p class=\"normal\">La soci\u00e9t\u00e9 SARL SONASHI FRANCE<\/p>\n<p class=\"normal\">Capital social : 38 112, 25 EUR\u00a0 \u00a0 \u00a0 \u00a0 \u00a0 \u00a0 \u00a0 \u00a0 \u00a0 \u00a0 \u00a0 \u00a0 \u00a0 \u00a0 \u00a0 \u00a0 \u00a0 \u00a0 \u00a0 \u00a0 \u00a0 \u00a0 \u00a0 \u00a0 \u00a0 \u00a0 \u00a0 \u00a0 \u00a0 \u00a0 \u00a0 \u00a0 \u00a0 \u00a0 \u00a0 \u00a0 \u00a0 \u00a0 \u00a0 \u00a0 \u00a0 \u00a0 \u00a0 \u00a0 \u00a0 \u00a0 \u00a0 \u00a0 \u00a0 \u00a0 \u00a0 \u00a0 \u00a0 \u00a0 \u00a0 \u00a0 \u00a0 \u00a0 \u00a0 \u00a0 \u00a0 \u00a0 \u00a0 \u00a0 \u00a0 \u00a0 \u00a0 RCS 423213578 Marseille\u00a0 \u00a0 \u00a0 \u00a0 \u00a0 \u00a0 \u00a0 \u00a0 \u00a0 \u00a0 \u00a0 \u00a0 \u00a0 \u00a0 \u00a0 \u00a0 \u00a0 \u00a0 \u00a0 \u00a0 \u00a0 \u00a0 \u00a0 \u00a0 \u00a0 \u00a0 \u00a0 \u00a0 \u00a0 \u00a0 \u00a0 \u00a0 \u00a0 \u00a0 \u00a0 \u00a0 \u00a0 \u00a0 \u00a0 \u00a0 \u00a0 \u00a0 \u00a0 \u00a0 \u00a0 \u00a0 \u00a0 \u00a0 \u00a0 \u00a0 \u00a0 \u00a0 \u00a0 \u00a0 \u00a0 \u00a0 \u00a0 \u00a0 \u00a0 \u00a0 \u00a0 \u00a0 \u00a0 \u00a0 \u00a0 \u00a0 \u00a0 \u00a0 \u00a0 \u00a0 Siret: 42321357800010\u00a0 \u00a0 \u00a0 \u00a0 \u00a0 \u00a0 \u00a0 \u00a0 \u00a0 \u00a0 \u00a0 \u00a0 \u00a0 \u00a0 \u00a0 \u00a0 \u00a0 \u00a0 \u00a0 \u00a0 \u00a0 \u00a0 \u00a0 \u00a0 \u00a0 \u00a0 \u00a0 \u00a0 \u00a0 \u00a0 \u00a0 \u00a0 \u00a0 \u00a0 \u00a0 \u00a0 \u00a0 \u00a0 \u00a0 \u00a0 \u00a0 \u00a0 \u00a0 \u00a0 \u00a0 \u00a0 \u00a0 \u00a0 \u00a0 \u00a0 \u00a0 \u00a0 \u00a0 \u00a0 \u00a0 \u00a0 \u00a0 \u00a0 \u00a0 \u00a0 \u00a0 \u00a0 \u00a0 \u00a0 \u00a0 \u00a0 \u00a0 \u00a0 \u00a0 \u00a0 \u00a0 \u00a0 NAF: 46522\u00a0 \u00a0 \u00a0 \u00a0 \u00a0 \u00a0 \u00a0 \u00a0 \u00a0 \u00a0 \u00a0 \u00a0 \u00a0 \u00a0 \u00a0 \u00a0 \u00a0 \u00a0 \u00a0 \u00a0 \u00a0 \u00a0 \u00a0 \u00a0 \u00a0 \u00a0 \u00a0 \u00a0 \u00a0 \u00a0 \u00a0 \u00a0 \u00a0 \u00a0 \u00a0 \u00a0 \u00a0 \u00a0 \u00a0 \u00a0 \u00a0 \u00a0 \u00a0 \u00a0 \u00a0 \u00a0 \u00a0 \u00a0 \u00a0 \u00a0 \u00a0 \u00a0 \u00a0 \u00a0 \u00a0 \u00a0 \u00a0 \u00a0 \u00a0 \u00a0 \u00a0 \u00a0 \u00a0 \u00a0 \u00a0 \u00a0 \u00a0 \u00a0 \u00a0 \u00a0 \u00a0 \u00a0 \u00a0 \u00a0 \u00a0 \u00a0 \u00a0 \u00a0 \u00a0 \u00a0 \u00a0 \u00a0 \u00a0 TVA Intra : FR 83\u00a0 \u00a0423 213 578\u00a0 \u00a0 \u00a0 \u00a0 \u00a0 \u00a0 \u00a0 \u00a0 \u00a0 \u00a0 \u00a0 \u00a0 \u00a0 \u00a0 \u00a0 \u00a0 \u00a0 \u00a0 \u00a0 \u00a0 \u00a0 \u00a0 \u00a0 \u00a0 \u00a0 \u00a0 \u00a0 \u00a0 \u00a0 \u00a0 \u00a0 \u00a0 \u00a0 \u00a0 \u00a0 \u00a0 \u00a0 \u00a0 \u00a0 \u00a0 \u00a0 \u00a0 \u00a0 \u00a0 \u00a0 \u00a0 \u00a0 \u00a0 \u00a0 \u00a0 \u00a0 \u00a0 \u00a0 \u00a0 \u00a0 \u00a0 \u00a0 \u00a0 \u00a0 \u00a0 \u00a0 \u00a0 \u00a0 \u00a0 \u00a0Si\u00e9ge : 14 rue du Petit Saint Jean\u00a0 \u00a0 \u00a0 \u00a0 \u00a0 \u00a0 \u00a0 \u00a0 \u00a0 \u00a0 \u00a0 \u00a0 \u00a0 \u00a0 \u00a0 \u00a0 \u00a0 \u00a0 \u00a0 \u00a0 \u00a0 \u00a0 \u00a0 \u00a0 \u00a0 \u00a0 \u00a0 \u00a0 \u00a0 \u00a0 \u00a0 \u00a0 \u00a0 \u00a0 \u00a0 \u00a0 \u00a0 \u00a0 \u00a0 \u00a0 \u00a0 \u00a0 \u00a0 \u00a0 \u00a0 \u00a0 \u00a0 \u00a0 \u00a0 \u00a0 \u00a0 \u00a0 \u00a0 \u00a0 \u00a0 \u00a0 \u00a0 \u00a0 \u00a0 \u00a0 \u00a0 \u00a0 \u00a0 \u00a013001 MARSEILLE\u00a0 \u00a0 \u00a0 \u00a0 \u00a0 \u00a0 \u00a0 \u00a0 \u00a0 \u00a0 \u00a0 \u00a0 \u00a0 \u00a0 \u00a0 \u00a0 \u00a0 \u00a0 \u00a0 \u00a0 \u00a0 \u00a0 \u00a0 \u00a0 \u00a0 \u00a0 \u00a0 \u00a0 \u00a0 \u00a0 \u00a0 \u00a0 \u00a0 \u00a0 \u00a0 \u00a0 \u00a0 \u00a0 \u00a0 \u00a0 \u00a0 \u00a0 \u00a0 \u00a0 \u00a0 \u00a0 \u00a0 \u00a0 \u00a0 \u00a0 \u00a0 \u00a0 \u00a0 \u00a0 \u00a0 \u00a0 \u00a0 \u00a0 \u00a0 \u00a0 \u00a0 \u00a0 \u00a0 \u00a0 \u00a0 \u00a0 \u00a0 \u00a0 \u00a0 \u00a0 \u00a0 \u00a0 \u00a0 \u00a0 \u00a0 \u00a0FRANCE<\/p>\n<p class=\"normal\">thebestbijoux.fr\u00a0 utilise les donn\u00e9es de ces clients dans le cadre et pour les finalit\u00e9s suivantes : gestion des commandes, des livraison, ex\u00e9cution du contrat de vente, relation client et exercice des garanties l\u00e9gales et commerciales, d\u00e9tection des fraudes et s\u00e9curit\u00e9, assistance et gestion des retours, am\u00e9lioration du site, configuration des options par d\u00e9faut (langues et monnaie), recommandation d\u2019articles. Les donn\u00e9es collect\u00e9es par www.anthedesign.fr\u00a0 le sont toujours dans le cadre des finalit\u00e9s \u00e9voqu\u00e9es aux pr\u00e9sentes.<\/p>\n<p class=\"normal\">2) Dur\u00e9e de conservation<\/p>\n<p class=\"normal\">Les donn\u00e9es requises seront conserv\u00e9es pendant la dur\u00e9e n\u00e9cessaire au traitement, sans pouvoir d\u00e9passer 5 ans. Vos donn\u00e9es seront ensuite archiv\u00e9es avec un acc\u00e8s restreint pour une dur\u00e9e suppl\u00e9mentaire, en lien avec les dur\u00e9es de prescription et de conservation l\u00e9gale pour des raisons strictement limit\u00e9es et autoris\u00e9es par la loi (paiement, garantie, litiges\u2026). Pass\u00e9 ce d\u00e9lai, elles seront anonymis\u00e9es.<\/p>\n<p class=\"normal\">3) Destinataire des donn\u00e9es personnelles<\/p>\n<p class=\"normal\">Groupe :<\/p>\n<p class=\"normal\">thebestbijoux.fr\u00a0 ne vend pas les informations personnelles confi\u00e9s par ses clients \u00e0 des tiers non affili\u00e9s et non partenaires. Toutefois, afin d&rsquo;\u00eatre en mesure de fournir tous les services ad\u00e9quats, ces informations peuvent \u00e9galement \u00eatre communiqu\u00e9es aux autres enseignes, qui peuvent les utiliser \u00e0 des fins d\u2019\u00e9tudes statistiques, de suivi qualit\u00e9 de service et, sous r\u00e9serve d\u2019un consentement pr\u00e9alable et express du client, de prospection commerciale et de gestion du compte fid\u00e9lit\u00e9.<\/p>\n<p class=\"normal\">Ces donn\u00e9es sont \u00e9galement susceptibles d\u2019\u00eatre communiqu\u00e9es et collect\u00e9es \u00e0 des soci\u00e9t\u00e9s ind\u00e9pendantes, sous enseigne et affili\u00e9es au groupe SONASHI France\u00a0 par le biais d\u2019un contrat de Partenariat. thebestbijoux.fr\u00a0 certifie que ces donn\u00e9es ne peuvent pas \u00eatre utilis\u00e9es pour d\u2019autres finalit\u00e9s que celles vis\u00e9es aux pr\u00e9sentes et veille \u00e0 ce que le traitement s\u2019op\u00e8re dans le respect de la r\u00e8glementation et plus sp\u00e9cifiquement aux dispositions du R\u00e8glement Europ\u00e9en n\u00b02016\/679 \u00e0 la Protection des Donn\u00e9es du 27 avril 2017.<\/p>\n<p class=\"normal\">Sous-traitants :<\/p>\n<p class=\"normal\">En raison de la sous-traitance partielle du traitement, notamment dans le cadre de la livraison des produits ou des entreprises approuv\u00e9es par le client, telles que les r\u00e9seaux sociaux, les donn\u00e9es requises peuvent faire l&rsquo;objet d&rsquo;un transfert en dehors de l\u2019Union Europ\u00e9enne. Dans cette hypoth\u00e8se, thebestbijoux.fr\u00a0 veille \u00e0 ce que ce transfert respecte le cadre l\u00e9gal : transfert vers un pays assurant un niveau de protection suffisant, signature de clauses contractuelles type \u00e9mises par la Commission Europ\u00e9enne ou, pour un prestataire \u00e9tabli aux Etats-Unis, v\u00e9rification de son adh\u00e9sion pr\u00e9alable au Safe Harbor ou Privacy Shield. Pour en savoir plus : http:\/\/eur-lex.europa.eu\/legal-content\/en\/TXT\/?uri=CELEX%3A32010D0087<\/p>\n<p class=\"normal\">4) Confidentialit\u00e9<\/p>\n<p class=\"normal\">Ces informations sont strictement confidentielles et trait\u00e9es dans le respect de la loi \u00ab informatique et libert\u00e9s \u00bb du 6 janvier 1978 modifi\u00e9e en 2018 (pour la France), de la loi du 8 d\u00e9cembre 1992 relative \u00e0 la protection de la vie priv\u00e9e \u00e0 l\u2019\u00e9gard des traitements de donn\u00e9es \u00e0 caract\u00e8re et effectu\u00e9s en conformit\u00e9 avec les dispositions du R\u00e8glement Europ\u00e9en n\u00b02016\/679 \u00e0 la Protection des Donn\u00e9es, du 27 avril 2017.<\/p>\n<p class=\"normal\">5) Utilisation de vos donn\u00e9es en lien avec les R\u00e9seaux Sociaux (Facebook, Instagram, \u2026)<\/p>\n<p class=\"normal\">L&rsquo;utilisation des r\u00e9seaux sociaux et des services sur le site www.thebestbijoux.fr\u00a0 en relation avec ces r\u00e9seaux sociaux est susceptible d&rsquo;entra\u00eener une collecte et un \u00e9change de certaines donn\u00e9es entre les r\u00e9seaux sociaux et thebestbijoux.fr . Nous vous invitons \u00e0 consulter les politiques de protection des donn\u00e9es personnelles des r\u00e9seaux sociaux afin de prendre pr\u00e9cis\u00e9ment connaissance des informations qui sont collect\u00e9es par les r\u00e9seaux sociaux et qui peuvent \u00eatre transmises \u00e0 thebestbijoux.fr\u00a0 en lien avec ses sites et applications ainsi que les finalit\u00e9s d&rsquo;utilisation des donn\u00e9es, notamment \u00e0 des fins publicitaires.<\/p>\n<p class=\"normal\">SARL SONASHI FRANCE collecte pour son compte certaines informations et donn\u00e9es personnelles en lien avec l\u2019activit\u00e9 sur les pages des r\u00e9seaux sociaux The Best Bijoux ou le site www.thebestbijoux.fr\u00a0 qui utilisent les services des r\u00e9seaux sociaux. Ces donn\u00e9es sont utilis\u00e9es \u00e0 des fins publicitaires pour am\u00e9liorer la relation commerciale et la publicit\u00e9 qui vous est adress\u00e9e afin de vous offrir une exp\u00e9rience personnalis\u00e9e et sociale. Les informations recueillies par thebestbijoux.fr\u00a0 pour son propre compte au travers des sites ou services thebestbijoux.fr\u00a0 en lien avec les r\u00e9seaux sociaux sont r\u00e9gies par les pr\u00e9sentes conditions.<\/p>\n<p class=\"normal\">SARL SONASHI FRANCE n&rsquo;est pas responsable de l&rsquo;utilisation qui est faite des donn\u00e9es de ces clients par les r\u00e9seaux sociaux pour leur propre compte.<\/p>\n<p class=\"normal\">6) \u00ab Plug-ins \u00bb et modules sociaux<\/p>\n<p class=\"normal\">Le site www.thebestbijoux.fr\u00a0 utilise des \u00ab plug-in \u00bb ou modules sociaux. Il s&rsquo;agit notamment des petits boutons \u00ab j&rsquo;aime \u00bb, \u00ab partager \u00bb des r\u00e9seaux sociaux tiers tels que Facebook, Twitter, Google+\u2026. que l\u2019on peut trouver sur le site. Ils permettent d&rsquo;aimer (\u00ab liker \u00bb) et de partager des informations provenant du site www.the bestbijoux.fr\u00a0 les r\u00e9seaux sociaux. Lorsque le Client consulte une page du site www.thebestbijoux.fr\u00a0 (web ou mobile) contenant des plugs-in ou modules sociaux, une connexion est \u00e9tablie avec les serveurs des r\u00e9seaux sociaux, qui sont alors inform\u00e9s que le Client a acc\u00e9d\u00e9 \u00e0 la page correspondante du site consult\u00e9, et ce m\u00eame si le Client ne poss\u00e8de pas de compte utilisateur Facebook ou Twitter, et m\u00eame si vous n&rsquo;\u00eates pas connect\u00e9 \u00e0 votre compte Facebook ou Twitter.<\/p>\n<p class=\"normal\">Exemple : Si le Client est connect\u00e9 \u00e0 un r\u00e9seau social lors de sa navigation sur le site www.thebestbijoux.fr , les r\u00e9seaux sociaux auxquels il est connect\u00e9 pourront faire mention de sa visite dans son compte sur les r\u00e9seaux sociaux.<\/p>\n<p class=\"normal\">Si le Client ne souhaite pas que les r\u00e9seaux sociaux publient des actions issues des plug-ins dans alors il doit se d\u00e9connecter des r\u00e9seaux sociaux avant de visiter notre site.<\/p>\n<p class=\"normal\">Une fonction sp\u00e9cifique permet au Client de se connecter au site thebestbijoux.fr\u00a0 et d\u2019effectuer des achats en ligne en utilisant des comptes de r\u00e9seaux sociaux pour faciliter ses achats et l&rsquo;acc\u00e8s aux services de thebestbijoux.fr\u00a0 .il s\u2019agit principalement de Facebook connect, Google connect et Paypal. Lorsque le Client se connecte \u00e0 thebestbijoux.fr\u00a0 via des compte tiers, THE BEST peut acc\u00e9der \u00e0 certaines informations afin d\u2019offrir une exp\u00e9rience personnalis\u00e9e et sociale. Une autorisation d&rsquo;acc\u00e9der aux donn\u00e9es de profil et de partage avec les comptes tiers du Client pourra \u00eatre demand\u00e9e par thebestbijoux.fr\u00a0 pour les besoins de la gestion des commandes et de la relation commerciale. Ces informations suppl\u00e9mentaires ne sont pas transmises aux tiers sans le consentement express du Client. L&rsquo;acc\u00e8s par thebestbijoux.fr aux donn\u00e9es des tiers et l&rsquo;utilisation qui en est faite sont limit\u00e9es. Notamment thebestbijoux.fr\u00a0 n&rsquo;utilise que les donn\u00e9es strictement n\u00e9cessaires pour exploiter les applications utilis\u00e9es et uniquement dans le cadre des finalit\u00e9s d\u00e9crites ci-dessus.<\/p>\n<p class=\"normal\">Les Clients qui se connectent au site thebestbijoux.fr via les comptes de tiers peuvent uniquement voir les informations ajout\u00e9es via ces comptes, &lsquo;ils ont acc\u00e8s \u00e0 ces informations. Le Client peut d\u00e9cider \u00e0 quel type d&rsquo;informations ses amis et contacts peuvent avoir acc\u00e8s en param\u00e9trant son compte directement dans les sites de tiers qui offre cette possibilit\u00e9.<\/p>\n<p class=\"normal\">Pour chaque application, le Client sera inform\u00e9 des donn\u00e9es utilis\u00e9es et la fa\u00e7on dont elles sont utilis\u00e9es, affich\u00e9es, partag\u00e9es ou transf\u00e9r\u00e9es.<\/p>\n<p class=\"normal\">Pour en savoir plus, THE BEST vous conseille de vous reporter aux conditions d\u2019utilisation de ces comptes de tiers, via sur les liens suivant :<\/p>\n<p class=\"normal\">&#8211;\u00a0\u00a0\u00a0\u00a0\u00a0\u00a0\u00a0\u00a0\u00a0\u00a0\u00a0\u00a0\u00a0 Facebook : https:\/\/fr-fr.facebook.com\/terms<\/p>\n<p class=\"normal\">&#8211;\u00a0\u00a0\u00a0\u00a0\u00a0\u00a0\u00a0\u00a0\u00a0\u00a0\u00a0\u00a0\u00a0 Google: https:\/\/policies.google.com\/terms?gl=FR&amp;hl=fr<\/p>\n<p class=\"normal\">&#8211;\u00a0\u00a0\u00a0\u00a0\u00a0\u00a0\u00a0\u00a0\u00a0\u00a0\u00a0\u00a0\u00a0 Paypal Connect : https:\/\/www.paypal.com\/fr\/webapps\/mpp\/ua\/servicedescription-full#6<\/p>\n<p class=\"normal\">7) Personnalisation des publicit\u00e9s<\/p>\n<p class=\"normal\">Les informations que le client re\u00e7oit de la part de THE BEST pourront \u00eatre personnalis\u00e9es en fonction des donn\u00e9es que thebestbijoux.fr\u00a0 collecte sur les r\u00e9seaux sociaux. L\u2019utilisation des services thebestbijoux.fr\u00a0 (site, commande, livraison) ou de l\u2019affiliation \u00e0 une page des r\u00e9seaux sociaux thebestbijoux.fr\u00a0 \u00a0est susceptible de recevoir des informations concernant le client, notamment son profil public et ses centres d&rsquo;int\u00e9r\u00eats communiqu\u00e9s sur les r\u00e9seaux sociaux ou autres donn\u00e9es que vous aurez autoris\u00e9 thebestbijoux.fr\u00a0 \u00e0 recevoir dans le cadre de ces applications. Des publicit\u00e9s thebestbijoux.fr li\u00e9es au profil et aux informations que les clients publient ou partagent (vos centres d&rsquo;int\u00e9r\u00eats) pourront \u00eatre diffus\u00e9es sur les r\u00e9seaux sociaux.<\/p>\n<p class=\"normal\">Si le client ne souhaite pas que les r\u00e9seaux sociaux ou des tiers dont thebestbijoux.fr , recueillent ou utilisent des informations bas\u00e9es sur leur profil ou leur activit\u00e9 sur des sites web, appareils ou applications en dehors des r\u00e9seaux sociaux \u00e0 des fins de diffusion de publicit\u00e9s, il devra se r\u00e9f\u00e9rer aux conditions de ces r\u00e9seaux sociaux afin de conna\u00eetre les modalit\u00e9s de param\u00e9trage, d\u00e9sinscription ou de contr\u00f4le de diffusion des publicit\u00e9s.<\/p>\n<p>8) Droits du client<\/p>\n<p class=\"normal\">Conform\u00e9ment aux dispositions susvis\u00e9es, le client b\u00e9n\u00e9ficie d\u2019un droit d\u2019acc\u00e8s, de correction de limitation du traitement des donn\u00e9es, d\u2019opposition au traitement, de rectification et \u00e9galement :<\/p>\n<p class=\"normal\">Droit \u00e0 la portabilit\u00e9 des donn\u00e9es : \u00c0 compter du 25 mai 2018, le Client pourra, dans certaines circonstances, obtenir des donn\u00e9es personnelles qu\u2019il a communiqu\u00e9 \u00e0 thebestbijoux.fr\u00a0 (sous un format structur\u00e9, usuel et lisible par une machine) afin de pouvoir les r\u00e9utiliser ailleurs.<\/p>\n<p class=\"normal\">Droit \u00e0 l\u2019oubli : Le client peut demander de supprimer ou d&rsquo;effacer ses donn\u00e9es personnelles dans certains cas, par exemple s\u2019il souhaite retirer son consentement. Si les donn\u00e9es personnelles ont \u00e9t\u00e9 partag\u00e9es avec des tiers, THE BEST les informera de la suppression dans la mesure du possible. Sur demande \u00e9crite du client et dans les limites de la r\u00e9glementation, nous pourrons indiquer les sous-traitants \u00e0 qui nous avons communiqu\u00e9 les donn\u00e9es afin que le Client puisse les contacter directement.<\/p>\n<p class=\"normal\">Droit de ne pas faire l\u2019objet d\u2019une d\u00e9cision individuelle enti\u00e8rement automatis\u00e9e (\u00ab profilage \u00bb) : Le client a le droit de ne pas faire l&rsquo;objet d&rsquo;une d\u00e9cision fond\u00e9e uniquement sur un traitement automatis\u00e9 des donn\u00e9es, y compris le profilage et qui produit des effets juridiques \u00e0 son encontre ou affecte sa situation de mani\u00e8re similaire, sauf si ce type de profilage est n\u00e9cessaire pour la conclusion ou l&rsquo;ex\u00e9cution d&rsquo;un contrat avec thebestbijoux.fr .<\/p>\n<p class=\"normal\">Le client peut exercer ces droits selon l\u2019une des modalit\u00e9s suivantes : Sur le site internet www.thebestbijoux.fr , via son compte client, le client peut modifier \u00e0 tout moment son adresse de facturation et de livraison, sa civilit\u00e9 et son mot de passe ou toutes autres demandes relatives \u00e0 l\u2019exercice des droits qui lui sont garantis par la r\u00e9glementation. Il peut \u00e9galement exercer toutes demandes ou requ\u00eates relatives \u00e0 ces droits par t\u00e9l\u00e9phone ou par email aupr\u00e8s du Service client au num\u00e9ro et \u00e0 l\u2019adresse suivante : thebestbijoux.fr , en pr\u00e9cisant dans l\u2019objet du courrier \u00ab Droit des personnes \u00bb et en joignant la copie d\u2019un justificatif d\u2019identit\u00e9.<\/p>\n<p class=\"normal\">9) Informations relatives aux donn\u00e9es de paiement<\/p>\n<p class=\"normal\">Pour les besoins du paiement de vos commandes, des informations et donn\u00e9es bancaires sont collect\u00e9es par OGONE, notre prestataire en mati\u00e8re de paiement. La solution pour le traitement de votre paiement est sous-trait\u00e9e \u00e0 la soci\u00e9t\u00e9 Ogone qui est certifi\u00e9e PCI-DSS par Visa et Mastercard. Cette norme est un standard de s\u00e9curit\u00e9 international dont l\u2019objectif est d\u2019assurer la protection des donn\u00e9es de carte de cr\u00e9dit. Les informations relatives aux donn\u00e9es personnelles des d\u00e9tenteurs de cartes n\u00e9cessaires \u00e0 la gestion de votre commande et des \u00e9ventuelles r\u00e9clamations sont conserv\u00e9es pendant 13 mois pour les cartes \u00e0 d\u00e9bit imm\u00e9diate et 15 mois pour les cartes \u00e0 d\u00e9bit diff\u00e9r\u00e9, \u00e0 compter de la date de traitement du paiement.<\/p>\n<p class=\"normal\">10) Programme de fid\u00e9lit\u00e9<\/p>\n<p class=\"normal\">Sous r\u00e9serve de son consentement, le Client peut s\u2019abonner au programme de fid\u00e9lit\u00e9 THE BEST BIJOUX.<\/p>\n<p class=\"normal\">Il peut le faire lors de son parcours d\u2019achat sur le site ou \u00e0 tout moment dans son compte personnel, rubrique \u00ab Programme de fid\u00e9lit\u00e9 \u00bb.<\/p>\n<p class=\"normal\">Les mentions relatives aux conditions d\u2019utilisation dans le cadre du Programme de Fid\u00e9lit\u00e9 peuvent \u00eatre consult\u00e9es via le lien suivant : http:\/\/www.marc-orian.com\/fr\/marc-orian\/conditions-generales-de-vente#article-carte-de-fid-lit-1505829316672<\/p>\n<p class=\"normal\">11) Cookies<\/p>\n<p class=\"normal\">Notre Politique de Gestion des Cookies est consultable sur le lien suivant : http:\/\/www.thebestbijouxorian.fr\/fr\/faq\/cookies<\/p>\n<p class=\"normal\">12) Retrait du consentement<\/p>\n<p class=\"normal\">Lorsque le consentement constitue le fondement juridique du traitement des donn\u00e9es personnelles, le client peut toujours le retirer, plus particuli\u00e8rement dans les cas suivants :<\/p>\n<p class=\"normal\">\u2022\u00a0\u00a0\u00a0\u00a0\u00a0\u00a0\u00a0\u00a0\u00a0\u00a0\u00a0\u00a0 Aux communications marketing (type newsletter) : en se connectant \u00e0 son compte, rubrique \u00ab Mes Abonnements \u00bb, ou en utilisant le lien pr\u00e9sent dans nos communications marketing pour se d\u00e9sabonner automatiquement.<\/p>\n<p class=\"normal\">\u2022\u00a0\u00a0\u00a0\u00a0\u00a0\u00a0\u00a0\u00a0\u00a0\u00a0\u00a0\u00a0 \u00c0 d\u2019autres objectifs, comme la fid\u00e9lit\u00e9 : en envoyant un e-mail \u00e0 ou en appelant le Service Client dont les coordonn\u00e9es figurent \u00e0 l\u2019article 8.<\/p>\n<p class=\"normal\">Le retrait du consentement n\u2019affectera pas le caract\u00e8re l\u00e9gal du traitement effectu\u00e9 post\u00e9rieurement \u00e0 ce retrait.<\/p>\n<p class=\"normal\">\n<\/div>\n<\/div>\n<\/div>\n","protected":false},"excerpt":{"rendered":"<p>DONN\u00c9ES PERSONNELLES 1) Traitement des donn\u00e9es personnelles La communication d\u2019informations nominatives (civilit\u00e9, donn\u00e9es d\u2019identification, coordonn\u00e9es t\u00e9l\u00e9phoniques, mail et postales mais \u00e9galement d\u2019autres informations comme l\u2019adresse IP, les habitudes d\u2019achats, les pr\u00e9f\u00e9rences, comme loisirs et centres d\u2019int\u00e9r\u00eat) dans le cadre d\u2019un achat chez thebestbijoux.fr\u00a0 est obligatoire, ces informations \u00e9tant n\u00e9cessaires \u00e0 la gestion des relations commerciales. [&hellip;]<\/p>\n","protected":false},"author":1,"featured_media":0,"parent":0,"menu_order":0,"comment_status":"closed","ping_status":"closed","template":"","meta":[],"_links":{"self":[{"href":"http:\/\/thebestbijoux.fr\/index.php\/wp-json\/wp\/v2\/pages\/11315"}],"collection":[{"href":"http:\/\/thebestbijoux.fr\/index.php\/wp-json\/wp\/v2\/pages"}],"about":[{"href":"http:\/\/thebestbijoux.fr\/index.php\/wp-json\/wp\/v2\/types\/page"}],"author":[{"embeddable":true,"href":"http:\/\/thebestbijoux.fr\/index.php\/wp-json\/wp\/v2\/users\/1"}],"replies":[{"embeddable":true,"href":"http:\/\/thebestbijoux.fr\/index.php\/wp-json\/wp\/v2\/comments?post=11315"}],"version-history":[{"count":6,"href":"http:\/\/thebestbijoux.fr\/index.php\/wp-json\/wp\/v2\/pages\/11315\/revisions"}],"predecessor-version":[{"id":11326,"href":"http:\/\/thebestbijoux.fr\/index.php\/wp-json\/wp\/v2\/pages\/11315\/revisions\/11326"}],"wp:attachment":[{"href":"http:\/\/thebestbijoux.fr\/index.php\/wp-json\/wp\/v2\/media?parent=11315"}],"curies":[{"name":"wp","href":"https:\/\/api.w.org\/{rel}","templated":true}]}}