{"id":11303,"date":"2018-07-19T15:51:59","date_gmt":"2018-07-19T13:51:59","guid":{"rendered":"http:\/\/thebestbijoux.fr\/?page_id=11303"},"modified":"2018-07-19T15:58:56","modified_gmt":"2018-07-19T13:58:56","slug":"cookies","status":"publish","type":"page","link":"http:\/\/thebestbijoux.fr\/index.php\/cookies\/","title":{"rendered":"COOKIES"},"content":{"rendered":"<div class=\"cLayout\">\n<div class=\"cColumn\">\n<div class=\"cRow\">\n<div class=\"cCell\">\n<div id=\"b_12\" class=\"cblock modules-thomwebsite-Title modules-thomwebsite\">\n<div class=\"title-with-bg-1\">\n<h2 class=\"heading-two productPage\">GESTION DES COOKIES<\/h2>\n<\/div>\n<\/div>\n<\/div>\n<\/div>\n<\/div>\n<\/div>\n<div class=\"cLayout\">\n<div class=\"cColumn\">\n<div class=\"cRow\">\n<div class=\"cCell\">\n<div id=\"b_13\" class=\"cblock modules-website-staticrichtext modules-website\">\n<p class=\"normal\"><strong>Les cookies sont des fichiers textes d\u00e9pos\u00e9s sur votre appareil (ordinateur, mobile, tablette) lors de la consultation d\u2019un site internet. Ils enregistrent des informations relatives \u00e0 votre navigation sur ce site. Les cookies ne peuvent \u00eatre consult\u00e9s ou modifi\u00e9s que par leur \u00e9metteur.<\/strong><\/p>\n<h1 class=\"heading-one\">TYPES DE COOKIES UTILIS\u00c9S SUR NOTRE SITE<\/h1>\n<p>Le site The Best Bijoux\u00a0 utilise 4 types de cookies.<\/p>\n<h3 class=\"heading-three\"><a class=\"anchor\" title=\"a-cookies-indispensables-a-l-utilisation-du-site\" name=\"a-cookies-indispensables-a-l-utilisation-du-site\"><\/a>A. Cookies indispensables \u00e0 l&rsquo;utilisation du site<\/h3>\n<p>Ils vous permettent d&rsquo;utiliser les principales fonctionnalit\u00e9s du site thebestbijoux.fr , telles que l&rsquo;achat de bijoux ou l&rsquo;acc\u00e8s \u00e0 votre compte personnel par exemple.<br \/>\nEn d\u00e9sactivant l&rsquo;utilisation de ces cookies, vous ne pourrez plus b\u00e9n\u00e9ficier de ces fonctionnalit\u00e9s.<br \/>\nCes cookies ne collectent aucune donn\u00e9e personnelle et les informations conserv\u00e9es ne peuvent \u00eatre utilis\u00e9es \u00e0 des fins commerciales.<\/p>\n<h3 class=\"heading-three\"><a class=\"anchor\" title=\"b-cookies-de-performance-du-site\" name=\"b-cookies-de-performance-du-site\"><\/a>B. Cookies de performance du site<\/h3>\n<p>Les cookies de performance nous permettent d&rsquo;optimiser notre site internet et de d\u00e9tecter les \u00e9ventuels probl\u00e8mes techniques que vous pourriez rencontrer.<br \/>\nIls nous permettent de recueillir des informations sur la fa\u00e7on dont vous utilisez le site marc-orian.com, notamment le nombre de visites par page, le nombre de messages d&rsquo;erreur affich\u00e9s, le temps pass\u00e9 sur une page, ou encore le nombre de clics sur une zone du site.<br \/>\nLes informations conserv\u00e9es ne peuvent \u00eatre utilis\u00e9es \u00e0 des fins commerciales.<\/p>\n<h3 class=\"heading-three\"><a class=\"anchor\" title=\"c-cookies-de-personnalisation\" name=\"c-cookies-de-personnalisation\"><\/a>C. Cookies de personnalisation<\/h3>\n<p>Les cookies de personnalisation nous permettent de m\u00e9moriser vos choix et vos pr\u00e9f\u00e9rences.<br \/>\nLes donn\u00e9es conserv\u00e9es sont, entre autres, votre pays de r\u00e9sidence, votre langue, votre dernier achat, ou encore les commandes rattach\u00e9es \u00e0 votre compte thebestbijoux.fr<\/p>\n<p>Si ces cookies sont d\u00e9sactiv\u00e9s :<br \/>\n&#8211; certaines pages du site thebestbijoux.fr\u00a0 ne s\u2019affichent plus correctement (les pages li\u00e9es \u00e0 votre compte thebestbijoux.fr par exemple),<br \/>\n&#8211; le niveau d&rsquo;assistance en ligne offert par thebestbijoux.fr\u00a0 est limit\u00e9,<br \/>\n&#8211; vos pr\u00e9f\u00e9rences concernant l&rsquo;affichage ou la d\u00e9sactivation de certaines fonctionnalit\u00e9s ne peuvent pas \u00eatre m\u00e9moris\u00e9es.<\/p>\n<h3 class=\"heading-three\"><a class=\"anchor\" title=\"d-cookies-de-marketing-publicitaire\" name=\"d-cookies-de-marketing-publicitaire\"><\/a>D. Cookies de marketing publicitaire<\/h3>\n<p><strong>a. Cookies de mesure<\/strong><br \/>\nLes cookies de mesure nous permettent d&rsquo;\u00e9valuer l&rsquo;efficacit\u00e9 de nos campagnes publicitaires. En effet, nous comptabilisons et \u00e9valuons le nombre de ventes et de clics en fonction de nos investissements publicitaires. Nous partageons ces informations avec nos partenaires (notamment Emailvision, Renatbiliweb, Lengow, Ividence, Nextag, Twenga, Shopzilla, Google, ContentSquare, Natexo, Bing Ads, Zanox, stylefruits, ESV Digital et Exelate).<\/p>\n<p><strong>b. Cookies de ciblage<\/strong><br \/>\nLes cookies de ciblage nous permettent de conna\u00eetre :<br \/>\n&#8211; le contenu des pages que vous consultez,<br \/>\n&#8211; les informations que vous avez choisi de partager lors de votre inscription sur d&rsquo;autres sites,<br \/>\n&#8211; les pages et sites web que vous avez pu consulter lors de vos navigations r\u00e9centes, ou juste avant d&rsquo;arriver sur le site thebestbijoux.fr<br \/>\nNous pouvons ainsi vous proposer des publicit\u00e9s personnalis\u00e9es, en tenant compte de vos pr\u00e9f\u00e9rences.<\/p>\n<p><strong>c. Cookies pour les campagnes de reciblage<\/strong><br \/>\nDans le cadre de nos campagnes de reciblage, nous proposons un programme des programmes en partenariat avec Criteo et Salecycle.<\/p>\n<hr size=\"2\" width=\"100%\" \/>\n<h1 class=\"heading-one\"><a class=\"anchor\" title=\"respect-de-votre-vie-privee\" name=\"respect-de-votre-vie-privee\"><\/a>RESPECT DE VOTRE VIE PRIV\u00c9E<\/h1>\n<p>Nous nous engageons en faveur de la protection de votre priv\u00e9e et respectons les 2\u00a0principes suivants :<\/p>\n<ul class=\"normal\">\n<li>\u00a0Nous n&rsquo;associons \u00e0 vos cookies aucune information permettant de vous identifier personnellement. Les cookies ne permettent en aucun cas de conna\u00eetre votre adresse, votre date de naissance, votre num\u00e9ro de t\u00e9l\u00e9phone ou toute autre information permettant de vous identifier.<\/li>\n<\/ul>\n<ul class=\"normal\">\n<li>\u00a0Nous ne fournissons aucune information personnelle aux annonceurs ni aux sites tiers qui affichent nos annonces bas\u00e9es sur vos centres d&rsquo;int\u00e9r\u00eat.<\/li>\n<\/ul>\n<p>Si votre ordinateur ou votre mobile est utilis\u00e9 par plusieurs personnes, ou s&rsquo;il dispose de plusieurs logiciels de navigation, il est possible que les contenus affich\u00e9s aux autres utilisateurs correspondent \u00e0 vos pr\u00e9f\u00e9rences. Si vous le souhaitez, vous pouvez modifier les param\u00e8tres de votre navigateur en consultant la section Gestion des cookies et param\u00e8tres du navigateur ci-dessous.<\/p>\n<hr size=\"2\" width=\"100%\" \/>\n<h1 class=\"heading-one\"><a class=\"anchor\" title=\"gestion-des-cookies-et-parametres-du-navigateur\" name=\"gestion-des-cookies-et-parametres-du-navigateur\"><\/a>GESTION DES COOKIES ET PARAM\u00c8TRES DU NAVIGATEUR<\/h1>\n<p>La rubrique Aide des navigateurs internet vous indique comment refuser les nouveaux cookies, obtenir un message de notification vous signalant leur r\u00e9ception ou les d\u00e9sactiver.<br \/>\nAfin de faciliter votre d\u00e9marche, voici les liens vers les rubriques Aide des navigateurs les plus couramment utilis\u00e9s :<\/p>\n<ul class=\"normal\">\n<li>\u00a0Internet Explorer\u2122 :\u00a0<a class=\"link\" href=\"http:\/\/windows.microsoft.com\/fr-FR\/windows-vista\/Block-or-allow-cookies\" target=\"_blank\" rel=\"noopener\">http:\/\/windows.microsoft.com\/fr-FR\/windows-vista\/Block-or-allow-cookies,<\/a><\/li>\n<li>Safari\u2122 :\u00a0<a class=\"link\" href=\"http:\/\/support.apple.com\/kb\/PH5042\" target=\"_blank\" rel=\"noopener\">http:\/\/support.apple.com\/kb\/PH5042,<\/a><\/li>\n<li>Chrome\u2122 :\u00a0<a class=\"link\" href=\"http:\/\/support.google.com\/chrome\/bin\/answer.py?hl=fr&amp;hlrm=en&amp;answer=95647\" target=\"_blank\" rel=\"noopener\">http:\/\/support.google.com\/chrome\/bin\/answer.py?hl=fr&amp;hlrm=en&amp;answer=95647,<\/a><\/li>\n<li>Firefox\u2122 :\u00a0<a class=\"link\" href=\"http:\/\/support.mozilla.org\/fr\/kb\/Activer%20et%20d%C3%A9sactiver%20les%20cookies\" target=\"_blank\" rel=\"noopener\">http:\/\/support.mozilla.org\/fr\/kb\/Activer%20et%20d%C3%A9sactiver%20les%20cookies,<\/a><\/li>\n<li>Opera\u2122 :\u00a0<a class=\"link\" href=\"http:\/\/help.opera.com\/Windows\/10.20\/fr\/cookies.html\" target=\"_blank\" rel=\"noopener\">http:\/\/help.opera.com\/Windows\/10.20\/fr\/cookies.html.<\/a><\/li>\n<\/ul>\n<p>Pour plus d\u2019informations sur la fa\u00e7on dont fonctionnent les cookies et la publicit\u00e9 cibl\u00e9e, vous pouvez consulter les sites\u00a0<a class=\"link\" href=\"http:\/\/www.youronlinechoices.eu\/\" target=\"_blank\" rel=\"noopener\">www.youronlinechoices.eu<\/a>\u00a0et<a class=\"link\" href=\"http:\/\/www.allaboutcookies.org\/\" target=\"_blank\" rel=\"noopener\">www.allaboutcookies.org.<\/a><\/div>\n<\/div>\n<\/div>\n<\/div>\n<\/div>\n","protected":false},"excerpt":{"rendered":"<p>GESTION DES COOKIES Les cookies sont des fichiers textes d\u00e9pos\u00e9s sur votre appareil (ordinateur, mobile, tablette) lors de la consultation d\u2019un site internet. Ils enregistrent des informations relatives \u00e0 votre navigation sur ce site. Les cookies ne peuvent \u00eatre consult\u00e9s ou modifi\u00e9s que par leur \u00e9metteur. TYPES DE COOKIES UTILIS\u00c9S SUR NOTRE SITE Le site [&hellip;]<\/p>\n","protected":false},"author":1,"featured_media":0,"parent":0,"menu_order":0,"comment_status":"closed","ping_status":"closed","template":"","meta":[],"_links":{"self":[{"href":"http:\/\/thebestbijoux.fr\/index.php\/wp-json\/wp\/v2\/pages\/11303"}],"collection":[{"href":"http:\/\/thebestbijoux.fr\/index.php\/wp-json\/wp\/v2\/pages"}],"about":[{"href":"http:\/\/thebestbijoux.fr\/index.php\/wp-json\/wp\/v2\/types\/page"}],"author":[{"embeddable":true,"href":"http:\/\/thebestbijoux.fr\/index.php\/wp-json\/wp\/v2\/users\/1"}],"replies":[{"embeddable":true,"href":"http:\/\/thebestbijoux.fr\/index.php\/wp-json\/wp\/v2\/comments?post=11303"}],"version-history":[{"count":4,"href":"http:\/\/thebestbijoux.fr\/index.php\/wp-json\/wp\/v2\/pages\/11303\/revisions"}],"predecessor-version":[{"id":11307,"href":"http:\/\/thebestbijoux.fr\/index.php\/wp-json\/wp\/v2\/pages\/11303\/revisions\/11307"}],"wp:attachment":[{"href":"http:\/\/thebestbijoux.fr\/index.php\/wp-json\/wp\/v2\/media?parent=11303"}],"curies":[{"name":"wp","href":"https:\/\/api.w.org\/{rel}","templated":true}]}}