{"id":11289,"date":"2018-07-19T14:51:32","date_gmt":"2018-07-19T12:51:32","guid":{"rendered":"http:\/\/thebestbijoux.fr\/?page_id=11289"},"modified":"2018-07-23T16:40:59","modified_gmt":"2018-07-23T14:40:59","slug":"mentions-legales-2","status":"publish","type":"page","link":"http:\/\/thebestbijoux.fr\/index.php\/mentions-legales-2\/","title":{"rendered":"MENTIONS LEGALES"},"content":{"rendered":"<h3 style=\"text-align: left;\"><strong><em>Soci\u00e9t\u00e9 :<\/em><\/strong><\/h3>\n<h2 style=\"text-align: left;\">SARL SONASHI FRANCE<\/h2>\n<h4 style=\"text-align: left;\">Capital social\u00a0: 38 112,25 EUR<br \/>\nRCS 423 213 578 Marseille<br \/>\nSiret : 423 213 578 00010<br \/>\nNAF : 4652Z<br \/>\nTVA Intra : FR83 423 213 578<br \/>\nSi\u00e8ge\u00a0: 14 rue du Petit Saint Jean<br \/>\n13001 Marseille<br \/>\nFRANCE<\/h4>\n<h3 style=\"text-align: left;\">Point de vente\u00a0:<\/h3>\n<h4 style=\"text-align: left;\">Magasin THE BEST<br \/>\n28 cours Belsunce<br \/>\n13001 Marseille<br \/>\nFRANCE<br \/>\nT\u00e9l\u00a0: 0491913779<br \/>\nSite\u00a0: <a href=\"http:\/\/www.thebestbijoux.com\/\">www.thebestbijoux.com<br \/>\n<\/a>E-Mail : <a href=\"mailto:contact@thebestbijoux.com\">contact@thebestbijoux.com<\/a><\/h4>\n<h3 style=\"text-align: left;\">Adresse postale:<\/h3>\n<h4 style=\"text-align: left;\">Magasin THE BEST<br \/>\n28 cours Belsunce<br \/>\n13001 Marseille<br \/>\nFRANCE<\/h4>\n<div class=\"cRow\">\n<div class=\"cCell\">\n<div id=\"b_12\" class=\"cblock modules-thomwebsite-Title modules-thomwebsite\">\n<div class=\"services\">\n<h2 class=\"heading-two productPage\">MENTIONS L\u00c9GALES<\/h2>\n<\/div>\n<\/div>\n<\/div>\n<\/div>\n<div class=\"cRow\">\n<div class=\"cCell\">\n<div id=\"b_13\" class=\"cblock modules-website-staticrichtext modules-website\">\n<p class=\"normal\">Le pr\u00e9sent site est \u00e9dit\u00e9 par la soci\u00e9t\u00e9 SONASHI FRANCE, soci\u00e9t\u00e9 par actions simplifi\u00e9e.<\/p>\n<hr size=\"2\" width=\"100%\" \/>\n<p class=\"normal\"><strong>Contact\u00a0:<\/strong><\/p>\n<p class=\"normal\">Service Client SARL SONASHI FRANCE- disponible depuis le formulaire de contact mis \u00e0 disposition sur le site\u00a0<a class=\"link\" href=\"http:\/\/www.marc-orian.com\/\">www.thebestbijoux.fr\u00a0<\/a>ou par t\u00e9l\u00e9phone au 0491913779 , prix d\u2019un appel local, depuis la France m\u00e9tropolitaine depuis un poste fixe du lundi au vendredi de 10h \u00e0 19h et le samedi de 10h \u00e0 17h.<\/p>\n<p class=\"normal\">La navigation sur le site\u00a0<a class=\"link\" href=\"http:\/\/www.marc-orian.com\/\">www.thebestbijoux.fr\u00a0<\/a>est r\u00e9gie par :<\/p>\n<p class=\"normal\">&#8211;\u00a0\u00a0\u00a0\u00a0\u00a0\u00a0\u00a0 Des conditions g\u00e9n\u00e9rales de vente applicables \u00e0 toute commande sur le site\u00a0;<\/p>\n<p class=\"normal\">&#8211;\u00a0\u00a0\u00a0\u00a0\u00a0\u00a0\u00a0 Une politique de donn\u00e9es personnelles r\u00e9gissant les traitements des donn\u00e9es personnelles r\u00e9alis\u00e9s sur le site.<\/p>\n<p class=\"normal\">Avant toute navigation ou commande sur le site, nous vous invitons \u00e0 prendre connaissance des termes de ces documents.<\/p>\n<hr size=\"2\" width=\"100%\" \/>\n<p class=\"normal\"><strong>H\u00e9bergeur\u00a0:<\/strong><\/p>\n<p class=\"normal\">Le site www.thebestbijoux.fr est h\u00e9berg\u00e9 par la soci\u00e9t\u00e9 SONASHI FRANCE &#8211; 28,Cours Belsunce,13001 Marseille<\/p>\n<hr size=\"2\" width=\"100%\" \/>\n<p class=\"normal\"><strong>Propri\u00e9t\u00e9 Intellectuelle\u00a0:<\/strong><\/p>\n<p class=\"normal\">Le site www.thebestbijoux.fr appartient et est exploit\u00e9 par la soci\u00e9t\u00e9 SONASHI FRANCE . Tous les \u00e9l\u00e9ments le composant, y compris la charte graphique, nom de domaine textes, commentaires, photos, vid\u00e9os, marques, graphismes, concept, illustration, images et tous autres signes distinctifs, apparaissant sur le Site sont prot\u00e9g\u00e9s par la l\u00e9gislation en vigueur sur la propri\u00e9t\u00e9 intellectuelle et le droit d\u2019auteur, pour lesquels SONASHI FRANCE d\u00e9tient des droits.<\/p>\n<p class=\"normal\">Toute exploitation non autoris\u00e9e du site ou de son contenu constituerait une contrefa\u00e7on sanctionn\u00e9e par les articles L. 335-2 et suivants du Code de la Propri\u00e9t\u00e9 Intellectuelle.<\/p>\n<hr size=\"2\" width=\"100%\" \/>\n<p class=\"normal\"><strong>Responsabilit\u00e9 technique\u00a0:<\/strong><\/p>\n<p class=\"normal\">SONASHI FRANCE d\u00e9cline toute responsabilit\u00e9 en ce qui concerne le fonctionnement technique du site, et ne garantit en aucun cas l&rsquo;absence totale de virus ou d&rsquo;autres \u00e9l\u00e9ments n\u00e9fastes sur le site et sur les serveurs permettant d&rsquo;y acc\u00e9der.<\/p>\n<p class=\"normal\">Si l&rsquo;utilisation du site ou de son contenu devait entra\u00eener une nuisance pour l\u2019internaute le contraignant \u00e0 faire r\u00e9parer ou remplacer des \u00e9quipements, mat\u00e9riels ou des bases de donn\u00e9es, THE BEST\u00a0 ne saurait \u00eatre redevable des frais engendr\u00e9s par ces op\u00e9rations.<\/p>\n<div class=\"cLayout\">\n<div class=\"cColumn\">\n<div class=\"cRow\">\n<div class=\"cCell\">\n<div id=\"b_12\" class=\"cblock modules-thomwebsite-Title modules-thomwebsite\">\n<div class=\"title-with-bg-1\">\n<h2 class=\"heading-two productPage\">MENTIONS L\u00c9GALES DES OFFRES<\/h2>\n<\/div>\n<\/div>\n<\/div>\n<\/div>\n<\/div>\n<\/div>\n<div class=\"cLayout\">\n<div class=\"cColumn\">\n<div class=\"cRow\">\n<div class=\"cCell\">\n<div id=\"b_13\" class=\"cblock modules-website-staticrichtext modules-website\">\n<p class=\"normal\"><strong><span class=\"underline\">OFFRE DU MOMENT :<br \/>\n<\/span><\/strong><\/p>\n<p class=\"normal\"><strong>Coussin d&rsquo;alliances offert pour tout achat d&rsquo;un couple d&rsquo;alliances jusqu&rsquo;en f\u00e9vrier 2019<\/strong>\u00a0:<br \/>\nOffre valable du 19 f\u00e9vrier 2018 au 28 f\u00e9vrier 2019 pour l&rsquo;achat d&rsquo;un couple d&rsquo;alliances en or uniquement en magasin. Dans la limite des stocks disponibles. Voir conditions en magasin.<\/p>\n<p class=\"normal\">\n<p class=\"normal\"><strong><span class=\"underline\">OFFRES PERMANENTES :<\/span><\/strong><\/p>\n<p class=\"normal\"><strong>En exclusivit\u00e9 sur notre\u00a0site &#8211; gravure offerte d\u00e8s 89\u20ac &#8211; valable toute l&rsquo;ann\u00e9e :<\/strong><br \/>\nOffre permanente en exclusivit\u00e9 sur notre site. Pour l&rsquo;achat d&rsquo;un bijou sup\u00e9rieur \u00e0 89\u20ac sur le site, la gravure texte pour une face est offerte. Elle devra \u00eatre s\u00e9lectionn\u00e9e sur le site lors de votre achat. La r\u00e9duction sera visible directement dans votre panier.<\/p>\n<\/div>\n<\/div>\n<\/div>\n<\/div>\n<\/div>\n<\/div>\n<\/div>\n<\/div>\n","protected":false},"excerpt":{"rendered":"<p>Soci\u00e9t\u00e9 : SARL SONASHI FRANCE Capital social\u00a0: 38 112,25 EUR RCS 423 213 578 Marseille Siret : 423 213 578 00010 NAF : 4652Z TVA Intra : FR83 423 213 578 Si\u00e8ge\u00a0: 14 rue du Petit Saint Jean 13001 Marseille FRANCE Point de vente\u00a0: Magasin THE BEST 28 cours Belsunce 13001 Marseille FRANCE T\u00e9l\u00a0: 0491913779 [&hellip;]<\/p>\n","protected":false},"author":1,"featured_media":0,"parent":0,"menu_order":0,"comment_status":"closed","ping_status":"closed","template":"","meta":[],"_links":{"self":[{"href":"http:\/\/thebestbijoux.fr\/index.php\/wp-json\/wp\/v2\/pages\/11289"}],"collection":[{"href":"http:\/\/thebestbijoux.fr\/index.php\/wp-json\/wp\/v2\/pages"}],"about":[{"href":"http:\/\/thebestbijoux.fr\/index.php\/wp-json\/wp\/v2\/types\/page"}],"author":[{"embeddable":true,"href":"http:\/\/thebestbijoux.fr\/index.php\/wp-json\/wp\/v2\/users\/1"}],"replies":[{"embeddable":true,"href":"http:\/\/thebestbijoux.fr\/index.php\/wp-json\/wp\/v2\/comments?post=11289"}],"version-history":[{"count":8,"href":"http:\/\/thebestbijoux.fr\/index.php\/wp-json\/wp\/v2\/pages\/11289\/revisions"}],"predecessor-version":[{"id":11330,"href":"http:\/\/thebestbijoux.fr\/index.php\/wp-json\/wp\/v2\/pages\/11289\/revisions\/11330"}],"wp:attachment":[{"href":"http:\/\/thebestbijoux.fr\/index.php\/wp-json\/wp\/v2\/media?parent=11289"}],"curies":[{"name":"wp","href":"https:\/\/api.w.org\/{rel}","templated":true}]}}